{"id":76,"date":"2017-02-10T18:36:52","date_gmt":"2017-02-10T18:36:52","guid":{"rendered":"http:\/\/construmat.net\/?page_id=76"},"modified":"2017-02-10T18:36:52","modified_gmt":"2017-02-10T18:36:52","slug":"beyond-building-sabadell","status":"publish","type":"page","link":"https:\/\/construmat.net\/fr\/beyond-building-sabadell\/","title":{"rendered":"(Castellano) Beyond Building Sabadell"},"content":{"rendered":"<p class=\"qtranxs-available-languages-message qtranxs-available-languages-message-fr\">D\u00e9sol\u00e9, cet article est seulement disponible en <a href=\"https:\/\/construmat.net\/es\/wp-json\/wp\/v2\/pages\/76\" class=\"qtranxs-available-language-link qtranxs-available-language-link-es\" title=\"Castellano\">Castellano<\/a> et <a href=\"https:\/\/construmat.net\/ca\/wp-json\/wp\/v2\/pages\/76\" class=\"qtranxs-available-language-link qtranxs-available-language-link-ca\" title=\"Catal\u00e0\">Catal\u00e0<\/a>.<\/p>","protected":false},"excerpt":{"rendered":"<p>D\u00e9sol\u00e9, cet article est seulement disponible en Castellano et Catal\u00e0.<\/p>\n","protected":false},"author":1,"featured_media":0,"parent":0,"menu_order":0,"comment_status":"closed","ping_status":"closed","template":"","meta":{"_monsterinsights_skip_tracking":false,"_monsterinsights_sitenote_active":false,"_monsterinsights_sitenote_note":"","_monsterinsights_sitenote_category":0,"footnotes":""},"class_list":["post-76","page","type-page","status-publish","hentry"],"yoast_head":"<!-- This site is optimized with the Yoast SEO plugin v27.5 - https:\/\/yoast.com\/product\/yoast-seo-wordpress\/ -->\n<title>(Castellano) Beyond Building Sabadell - construmat.net<\/title>\n<meta name=\"robots\" content=\"index, follow, max-snippet:-1, max-image-preview:large, max-video-preview:-1\" \/>\n<link rel=\"canonical\" href=\"https:\/\/construmat.net\/beyond-building-sabadell\/\" \/>\n<meta property=\"og:locale\" content=\"fr_FR\" \/>\n<meta property=\"og:type\" content=\"article\" \/>\n<meta property=\"og:title\" content=\"(Castellano) Beyond Building Sabadell - construmat.net\" \/>\n<meta property=\"og:description\" content=\"D\u00e9sol\u00e9, cet article est seulement disponible en Castellano et Catal\u00e0.\" \/>\n<meta property=\"og:url\" content=\"https:\/\/construmat.net\/beyond-building-sabadell\/\" \/>\n<meta property=\"og:site_name\" content=\"construmat.net\" \/>\n<meta name=\"twitter:card\" content=\"summary_large_image\" \/>\n<script type=\"application\/ld+json\" class=\"yoast-schema-graph\">{\"@context\":\"https:\\\/\\\/schema.org\",\"@graph\":[{\"@type\":\"WebPage\",\"@id\":\"https:\\\/\\\/construmat.net\\\/beyond-building-sabadell\\\/\",\"url\":\"https:\\\/\\\/construmat.net\\\/beyond-building-sabadell\\\/\",\"name\":\"(Castellano) Beyond Building Sabadell - construmat.net\",\"isPartOf\":{\"@id\":\"https:\\\/\\\/construmat.net\\\/#website\"},\"datePublished\":\"2017-02-10T18:36:52+00:00\",\"breadcrumb\":{\"@id\":\"https:\\\/\\\/construmat.net\\\/beyond-building-sabadell\\\/#breadcrumb\"},\"inLanguage\":\"fr-FR\",\"potentialAction\":[{\"@type\":\"ReadAction\",\"target\":[\"https:\\\/\\\/construmat.net\\\/beyond-building-sabadell\\\/\"]}]},{\"@type\":\"BreadcrumbList\",\"@id\":\"https:\\\/\\\/construmat.net\\\/beyond-building-sabadell\\\/#breadcrumb\",\"itemListElement\":[{\"@type\":\"ListItem\",\"position\":1,\"name\":\"Portada\",\"item\":\"https:\\\/\\\/construmat.net\\\/\"},{\"@type\":\"ListItem\",\"position\":2,\"name\":\"Beyond Building Sabadell\"}]},{\"@type\":\"WebSite\",\"@id\":\"https:\\\/\\\/construmat.net\\\/#website\",\"url\":\"https:\\\/\\\/construmat.net\\\/\",\"name\":\"construmat.net\",\"description\":\"construmat\",\"potentialAction\":[{\"@type\":\"SearchAction\",\"target\":{\"@type\":\"EntryPoint\",\"urlTemplate\":\"https:\\\/\\\/construmat.net\\\/?s={search_term_string}\"},\"query-input\":{\"@type\":\"PropertyValueSpecification\",\"valueRequired\":true,\"valueName\":\"search_term_string\"}}],\"inLanguage\":\"fr-FR\"}]}<\/script>\n<!-- \/ Yoast SEO plugin. -->","yoast_head_json":{"title":"(Castellano) Beyond Building Sabadell - construmat.net","robots":{"index":"index","follow":"follow","max-snippet":"max-snippet:-1","max-image-preview":"max-image-preview:large","max-video-preview":"max-video-preview:-1"},"canonical":"https:\/\/construmat.net\/beyond-building-sabadell\/","og_locale":"fr_FR","og_type":"article","og_title":"(Castellano) Beyond Building Sabadell - construmat.net","og_description":"D\u00e9sol\u00e9, cet article est seulement disponible en Castellano et Catal\u00e0.","og_url":"https:\/\/construmat.net\/beyond-building-sabadell\/","og_site_name":"construmat.net","twitter_card":"summary_large_image","schema":{"@context":"https:\/\/schema.org","@graph":[{"@type":"WebPage","@id":"https:\/\/construmat.net\/beyond-building-sabadell\/","url":"https:\/\/construmat.net\/beyond-building-sabadell\/","name":"(Castellano) Beyond Building Sabadell - construmat.net","isPartOf":{"@id":"https:\/\/construmat.net\/#website"},"datePublished":"2017-02-10T18:36:52+00:00","breadcrumb":{"@id":"https:\/\/construmat.net\/beyond-building-sabadell\/#breadcrumb"},"inLanguage":"fr-FR","potentialAction":[{"@type":"ReadAction","target":["https:\/\/construmat.net\/beyond-building-sabadell\/"]}]},{"@type":"BreadcrumbList","@id":"https:\/\/construmat.net\/beyond-building-sabadell\/#breadcrumb","itemListElement":[{"@type":"ListItem","position":1,"name":"Portada","item":"https:\/\/construmat.net\/"},{"@type":"ListItem","position":2,"name":"Beyond Building Sabadell"}]},{"@type":"WebSite","@id":"https:\/\/construmat.net\/#website","url":"https:\/\/construmat.net\/","name":"construmat.net","description":"construmat","potentialAction":[{"@type":"SearchAction","target":{"@type":"EntryPoint","urlTemplate":"https:\/\/construmat.net\/?s={search_term_string}"},"query-input":{"@type":"PropertyValueSpecification","valueRequired":true,"valueName":"search_term_string"}}],"inLanguage":"fr-FR"}]}},"_links":{"self":[{"href":"https:\/\/construmat.net\/fr\/wp-json\/wp\/v2\/pages\/76","targetHints":{"allow":["GET"]}}],"collection":[{"href":"https:\/\/construmat.net\/fr\/wp-json\/wp\/v2\/pages"}],"about":[{"href":"https:\/\/construmat.net\/fr\/wp-json\/wp\/v2\/types\/page"}],"author":[{"embeddable":true,"href":"https:\/\/construmat.net\/fr\/wp-json\/wp\/v2\/users\/1"}],"replies":[{"embeddable":true,"href":"https:\/\/construmat.net\/fr\/wp-json\/wp\/v2\/comments?post=76"}],"version-history":[{"count":1,"href":"https:\/\/construmat.net\/fr\/wp-json\/wp\/v2\/pages\/76\/revisions"}],"predecessor-version":[{"id":77,"href":"https:\/\/construmat.net\/fr\/wp-json\/wp\/v2\/pages\/76\/revisions\/77"}],"wp:attachment":[{"href":"https:\/\/construmat.net\/fr\/wp-json\/wp\/v2\/media?parent=76"}],"curies":[{"name":"wp","href":"https:\/\/api.w.org\/{rel}","templated":true}]}}